{"id":3259,"date":"2019-03-14T10:19:09","date_gmt":"2019-03-14T14:19:09","guid":{"rendered":"https:\/\/dev.lpcpnotaires.ca\/services-notaires\/immobilier-droit-laurentides\/"},"modified":"2019-03-28T11:25:42","modified_gmt":"2019-03-28T15:25:42","slug":"real-estate-legal-notaries","status":"publish","type":"page","link":"https:\/\/www.lpcpnotaires.ca\/en\/services-notaries\/real-estate-legal-notaries\/","title":{"rendered":"Real Estate"},"content":{"rendered":"<div class=\"wpb-content-wrapper\"><p>[vc_row content_width=&#8221;grid&#8221; triangle_shape=&#8221;no&#8221; css=&#8221;.vc_custom_1553007135855{padding-top: 70px !important;}&#8221;][vc_column offset=&#8221;vc_col-lg-9 vc_col-md-12&#8243;][vc_column_text]<\/p>\n<h2>Real Estate Services<\/h2>\n<p>[\/vc_column_text]<div class=\"mkd-separator-holder clearfix  mkd-separator-left\" style=\"margin-top: 15px; margin-bottom: 32px; height: 3px\">\r\n\t<div class=\"mkd-separator\" style=\"border-color: #be1e2d;border-style: solid;width: 40px;border-bottom-width: 3px\"><\/div>\r\n<\/div>\r\n[vc_row_inner][vc_column_inner width=&#8221;2\/3&#8243;][vc_column_text]<span class=\"TextRun SCXW48141788 BCX0\" lang=\"FR-CA\" xml:lang=\"FR-CA\" data-contrast=\"auto\"><span class=\"NormalTextRun SCXW48141788 BCX0\">You plan to purchase an immovable? Nothing can be left out\u2026This will be one of the most important investment of your life! Allow us to accompany you in each and every necessary step to completing your transaction and benefit from our expertise!<\/span><\/span>[\/vc_column_text][vc_empty_space][vc_column_text]We are at your disposal for any kind of coaching in all your immovable projects.[\/vc_column_text][vc_empty_space][vc_column_text]<\/p>\n<h3><strong><span class=\"TextRun SCXW48141788 BCX0\" lang=\"FR-CA\" xml:lang=\"FR-CA\" data-contrast=\"auto\"><span class=\"NormalTextRun SCXW48141788 BCX0\">Let us guide you!<br \/>\n<\/span><\/span><\/strong><\/h3>\n<p>[\/vc_column_text][\/vc_column_inner][vc_column_inner width=&#8221;1\/3&#8243;][vc_single_image image=&#8221;3294&#8243; img_size=&#8221;large&#8221; el_class=&#8221;style-image&#8221;][\/vc_column_inner][\/vc_row_inner][vc_empty_space][vc_column_text css=&#8221;.vc_custom_1553717206188{border-top-width: 1px !important;padding-top: 50px !important;border-top-color: #dddddd !important;border-top-style: solid !important;}&#8221;]<\/p>\n<h2><strong>We can also complete the following mandates\u202f:<\/strong><\/h2>\n<p>[\/vc_column_text]<div class=\"mkd-separator-holder clearfix  mkd-separator-left\" style=\"margin-top: 15px; margin-bottom: 32px; height: 3px\">\r\n\t<div class=\"mkd-separator\" style=\"border-color: #be1e2d;border-style: solid;width: 40px;border-bottom-width: 3px\"><\/div>\r\n<\/div>\r\n[vc_row_inner][vc_column_inner width=&#8221;1\/2&#8243;]<div class=\"mkd-unordered-list  mkd-arrow\" ><ul>\n<li>Offer to purchase;<\/li>\n<li>Purchase\u202f\/ Sale;<\/li>\n<li>Immovable \u202ftitle examinations;<\/li>\n<li>Financing;<\/li>\n<\/ul>\n<\/div>[\/vc_column_inner][vc_column_inner width=&#8221;1\/2&#8243;]<div class=\"mkd-unordered-list  mkd-arrow\" ><ul>\n<li>Creation of servitude;<\/li>\n<li>Creation of co-ownership (condominiums);<\/li>\n<li>Acquittance and discharge of a mortgage;<\/li>\n<li>And much much more !!<\/li>\n<\/ul>\n<\/div>[\/vc_column_inner][\/vc_row_inner][vc_empty_space height=&#8221;70px&#8221;]<div class=\"mkd-accordion-holder clearfix mkd-accordion mkd-initial \">\r\n\t<h2 class=\"clearfix mkd-title-holder\">\r\n\t<span class=\"mkd-accordion-mark mkd-left-mark\">\r\n\t\t<span class=\"mkd-accordion-mark-icon\">\r\n\t\t\t<i class=\"icon-arrow-down-circle\"><\/i>\r\n\t\t<\/span>\r\n\t<\/span>\r\n\t<span class=\"mkd-tab-title\" >\r\n\t\t<span class=\"mkd-tab-title-inner\">\r\n\t\t\tPURCHASE\t\t<\/span>\r\n\t<\/span>\r\n<\/h2><div class=\"mkd-accordion-content\">\r\n\t<div class=\"mkd-accordion-content-inner\" >\r\n\t\t[vc_column_text]<strong>Mission of the Notary : protect the Purchaser\u2019s interests<\/strong>[\/vc_column_text][vc_empty_space][vc_column_text]When purchasing a property, it is essential for a Notary to proceed with the title examination and the analysis of a recent certificate of location in order to protect the Purchaser.[\/vc_column_text][vc_empty_space][vc_column_text]Indeed, the title examination confirms that the vendor is the true and sole owner of the property, in order to ensure the Purchaser a clear and indisputable title, thence protecting him from potential problems. As for the analysis of the certificate of location, it allows the assurance of the conformity of the property with regards to the law and applicable regulations.[\/vc_column_text][vc_empty_space][vc_column_text]In addition, the Notary will make sure that all and every creditor is totally repaid and will obtain the discharge of any and all liens attached to the property. The Notary will make sure that all amounts due to the municipal authorities are paid and up to date, to avoid any responsability for the Purchaser.[\/vc_column_text]\t<\/div>\r\n<\/div>\r\n<\/div>[vc_empty_space height=&#8221;70px&#8221;][\/vc_column][vc_column width=&#8221;1\/2&#8243; offset=&#8221;vc_col-lg-offset-0 vc_col-lg-3 vc_col-md-offset-3 vc_col-md-6 vc_col-sm-offset-3&#8243;][vc_widget_sidebar sidebar_id=&#8221;page-sidebar&#8221;][vc_empty_space height=&#8221;70px&#8221;][\/vc_column][\/vc_row][vc_row content_width=&#8221;grid&#8221; content_aligment=&#8221;center&#8221; triangle_shape=&#8221;no&#8221; css=&#8221;.vc_custom_1553007184617{border-top-width: 3px !important;background-color: #f2f2f2 !important;border-top-color: #be1e2d !important;border-top-style: solid !important;}&#8221;][vc_column]\r\n\r\n\t<div class=\"mkd-call-to-action normal\" style=\"background-color: #f2f2f2\">\r\n\r\n\t\t\t\t<div class=\"mkd-container-inner\">\r\n\t\t\t\t\t<div class=\"mkd-call-to-action-row-66-33 clearfix\" style=\"padding: 45px 0% 45px 16%;\">\r\n\t\t\r\n\t\t\t\t<div class=\"mkd-text-wrapper mkd-call-to-action-column1 mkd-call-to-action-cell\">\r\n\r\n\t\t\t\t\r\n\t\t\t\t\t<div class=\"mkd-call-to-action-text\" >\r\n\t\t\t\t\t\t<h3>To have peace of mind, \u202fconsult your Notary! You can definitely count on us!<\/h3>\n\t\t\t\t\t<\/div>\r\n\r\n\t\t\t\t<\/div>\r\n\r\n\t\t\t\t\r\n\t\t\t\t\t<div class=\"mkd-button-wrapper mkd-call-to-action-column2 mkd-call-to-action-cell\" style =\"text-align: left ;\">\r\n\r\n\t\t\t\t\t\t<a href=\"\/en\/contact-notaries-laurantians\/\" target=\"_self\"  class=\"mkd-btn mkd-btn-medium mkd-btn-solid mkd-btn-icon\"  >    <span class=\"mkd-btn-text\"  >Contact us<\/span><span class=\"mkd-btn-icon-holder\">            <span aria-hidden=\"true\" class=\"mkd-icon-font-elegant arrow_carrot-right mkd-btn-icon-elem\" ><\/span>            <span aria-hidden=\"true\" class=\"mkd-icon-font-elegant arrow_carrot-right mkd-btn-icon-elem\" ><\/span>        <\/span>    <\/a>\r\n\t\t\t\t\t<\/div>\r\n\r\n\t\t\t\t\r\n\t\t\t<\/div>\r\n\r\n\t\t\t\t<\/div>\r\n\t\t\r\n\t<\/div>\r\n\r\n[\/vc_column][\/vc_row]<\/p>\n<\/div>","protected":false},"excerpt":{"rendered":"<p>[vc_row content_width=&#8221;grid&#8221; triangle_shape=&#8221;no&#8221; css=&#8221;.vc_custom_1553007135855{padding-top: 70px !important;}&#8221;][vc_column offset=&#8221;vc_col-lg-9 vc_col-md-12&#8243;][vc_column_text] Real Estate Services [\/vc_column_text][vc_row_inner][vc_column_inner width=&#8221;2\/3&#8243;][vc_column_text]You plan to purchase an immovable? Nothing can be left out\u2026This will be one of the most important investment of your life! Allow us to accompany you in each and every necessary step to completing your transaction and benefit from our expertise![\/vc_column_text][vc_empty_space][vc_column_text]We are at your disposal for any kind of coaching in all your immovable projects.[\/vc_column_text][vc_empty_space][vc_column_text] Let us guide you! [\/vc_column_text][\/vc_column_inner][vc_column_inner width=&#8221;1\/3&#8243;][vc_single_image image=&#8221;3294&#8243; img_size=&#8221;large&#8221; el_class=&#8221;style-image&#8221;][\/vc_column_inner][\/vc_row_inner][vc_empty_space][vc_column_text css=&#8221;.vc_custom_1553717206188{border-top-width: 1px !important;padding-top: 50px !important;border-top-color: #dddddd !important;border-top-style: solid !important;}&#8221;] We can also complete the following mandates\u202f: [\/vc_column_text][vc_row_inner][vc_column_inner width=&#8221;1\/2&#8243;][\/vc_column_inner][vc_column_inner width=&#8221;1\/2&#8243;][\/vc_column_inner][\/vc_row_inner][vc_empty_space height=&#8221;70px&#8221;][vc_empty_space height=&#8221;70px&#8221;][\/vc_column][vc_column width=&#8221;1\/2&#8243; offset=&#8221;vc_col-lg-offset-0&#8230;<\/p>\n","protected":false},"author":1,"featured_media":0,"parent":3251,"menu_order":0,"comment_status":"closed","ping_status":"closed","template":"full-width.php","meta":{"footnotes":""},"class_list":["post-3259","page","type-page","status-publish","hentry"],"yoast_head":"<!-- This site is optimized with the Yoast SEO plugin v26.4 - https:\/\/yoast.com\/wordpress\/plugins\/seo\/ -->\n<title>Real\u00a0Estate\u00a0laws - Offer to purchase, Sale property<\/title>\n<meta name=\"description\" content=\"We are at your disposal for any kind of coaching in all your immovable projects, namely : Offer to purchase, Purchase \/ Sale\u2026\" \/>\n<meta name=\"robots\" content=\"index, follow, max-snippet:-1, max-image-preview:large, max-video-preview:-1\" \/>\n<link rel=\"canonical\" href=\"https:\/\/www.lpcpnotaires.ca\/en\/services-notaries\/real-estate-legal-notaries\/\" \/>\n<meta property=\"og:locale\" content=\"en_US\" \/>\n<meta property=\"og:type\" content=\"article\" \/>\n<meta property=\"og:title\" content=\"Real\u00a0Estate\u00a0laws - Offer to purchase, Sale property\" \/>\n<meta property=\"og:description\" content=\"We are at your disposal for any kind of coaching in all your immovable projects, namely : Offer to purchase, Purchase \/ Sale\u2026\" \/>\n<meta property=\"og:url\" content=\"https:\/\/www.lpcpnotaires.ca\/en\/services-notaries\/real-estate-legal-notaries\/\" \/>\n<meta property=\"og:site_name\" content=\"L\u00e9onard Pag\u00e9 Chalifoux Pich\u00e9\" \/>\n<meta property=\"article:modified_time\" content=\"2019-03-28T15:25:42+00:00\" \/>\n<meta name=\"twitter:card\" content=\"summary_large_image\" \/>\n<meta name=\"twitter:label1\" content=\"Est. reading time\" \/>\n\t<meta name=\"twitter:data1\" content=\"3 minutes\" \/>\n<script type=\"application\/ld+json\" class=\"yoast-schema-graph\">{\"@context\":\"https:\/\/schema.org\",\"@graph\":[{\"@type\":\"WebPage\",\"@id\":\"https:\/\/www.lpcpnotaires.ca\/en\/services-notaries\/real-estate-legal-notaries\/\",\"url\":\"https:\/\/www.lpcpnotaires.ca\/en\/services-notaries\/real-estate-legal-notaries\/\",\"name\":\"Real\u00a0Estate\u00a0laws - Offer to purchase, Sale property\",\"isPartOf\":{\"@id\":\"https:\/\/www.lpcpnotaires.ca\/#website\"},\"datePublished\":\"2019-03-14T14:19:09+00:00\",\"dateModified\":\"2019-03-28T15:25:42+00:00\",\"description\":\"We are at your disposal for any kind of coaching in all your immovable projects, namely : Offer to purchase, Purchase \/ Sale\u2026\",\"breadcrumb\":{\"@id\":\"https:\/\/www.lpcpnotaires.ca\/en\/services-notaries\/real-estate-legal-notaries\/#breadcrumb\"},\"inLanguage\":\"en-US\",\"potentialAction\":[{\"@type\":\"ReadAction\",\"target\":[\"https:\/\/www.lpcpnotaires.ca\/en\/services-notaries\/real-estate-legal-notaries\/\"]}]},{\"@type\":\"BreadcrumbList\",\"@id\":\"https:\/\/www.lpcpnotaires.ca\/en\/services-notaries\/real-estate-legal-notaries\/#breadcrumb\",\"itemListElement\":[{\"@type\":\"ListItem\",\"position\":1,\"name\":\"Accueil\",\"item\":\"https:\/\/www.lpcpnotaires.ca\/en\/\"},{\"@type\":\"ListItem\",\"position\":2,\"name\":\"Services\",\"item\":\"https:\/\/www.lpcpnotaires.ca\/en\/services-notaries\/\"},{\"@type\":\"ListItem\",\"position\":3,\"name\":\"Real Estate\"}]},{\"@type\":\"WebSite\",\"@id\":\"https:\/\/www.lpcpnotaires.ca\/#website\",\"url\":\"https:\/\/www.lpcpnotaires.ca\/\",\"name\":\"L\u00e9onard Pag\u00e9 Chalifoux Pich\u00e9\",\"description\":\"Notaires &amp; Conseillers Juridiques\",\"potentialAction\":[{\"@type\":\"SearchAction\",\"target\":{\"@type\":\"EntryPoint\",\"urlTemplate\":\"https:\/\/www.lpcpnotaires.ca\/?s={search_term_string}\"},\"query-input\":{\"@type\":\"PropertyValueSpecification\",\"valueRequired\":true,\"valueName\":\"search_term_string\"}}],\"inLanguage\":\"en-US\"}]}<\/script>\n<!-- \/ Yoast SEO plugin. -->","yoast_head_json":{"title":"Real\u00a0Estate\u00a0laws - Offer to purchase, Sale property","description":"We are at your disposal for any kind of coaching in all your immovable projects, namely : Offer to purchase, Purchase \/ Sale\u2026","robots":{"index":"index","follow":"follow","max-snippet":"max-snippet:-1","max-image-preview":"max-image-preview:large","max-video-preview":"max-video-preview:-1"},"canonical":"https:\/\/www.lpcpnotaires.ca\/en\/services-notaries\/real-estate-legal-notaries\/","og_locale":"en_US","og_type":"article","og_title":"Real\u00a0Estate\u00a0laws - Offer to purchase, Sale property","og_description":"We are at your disposal for any kind of coaching in all your immovable projects, namely : Offer to purchase, Purchase \/ Sale\u2026","og_url":"https:\/\/www.lpcpnotaires.ca\/en\/services-notaries\/real-estate-legal-notaries\/","og_site_name":"L\u00e9onard Pag\u00e9 Chalifoux Pich\u00e9","article_modified_time":"2019-03-28T15:25:42+00:00","twitter_card":"summary_large_image","twitter_misc":{"Est. reading time":"3 minutes"},"schema":{"@context":"https:\/\/schema.org","@graph":[{"@type":"WebPage","@id":"https:\/\/www.lpcpnotaires.ca\/en\/services-notaries\/real-estate-legal-notaries\/","url":"https:\/\/www.lpcpnotaires.ca\/en\/services-notaries\/real-estate-legal-notaries\/","name":"Real\u00a0Estate\u00a0laws - Offer to purchase, Sale property","isPartOf":{"@id":"https:\/\/www.lpcpnotaires.ca\/#website"},"datePublished":"2019-03-14T14:19:09+00:00","dateModified":"2019-03-28T15:25:42+00:00","description":"We are at your disposal for any kind of coaching in all your immovable projects, namely : Offer to purchase, Purchase \/ Sale\u2026","breadcrumb":{"@id":"https:\/\/www.lpcpnotaires.ca\/en\/services-notaries\/real-estate-legal-notaries\/#breadcrumb"},"inLanguage":"en-US","potentialAction":[{"@type":"ReadAction","target":["https:\/\/www.lpcpnotaires.ca\/en\/services-notaries\/real-estate-legal-notaries\/"]}]},{"@type":"BreadcrumbList","@id":"https:\/\/www.lpcpnotaires.ca\/en\/services-notaries\/real-estate-legal-notaries\/#breadcrumb","itemListElement":[{"@type":"ListItem","position":1,"name":"Accueil","item":"https:\/\/www.lpcpnotaires.ca\/en\/"},{"@type":"ListItem","position":2,"name":"Services","item":"https:\/\/www.lpcpnotaires.ca\/en\/services-notaries\/"},{"@type":"ListItem","position":3,"name":"Real Estate"}]},{"@type":"WebSite","@id":"https:\/\/www.lpcpnotaires.ca\/#website","url":"https:\/\/www.lpcpnotaires.ca\/","name":"L\u00e9onard Pag\u00e9 Chalifoux Pich\u00e9","description":"Notaires &amp; Conseillers Juridiques","potentialAction":[{"@type":"SearchAction","target":{"@type":"EntryPoint","urlTemplate":"https:\/\/www.lpcpnotaires.ca\/?s={search_term_string}"},"query-input":{"@type":"PropertyValueSpecification","valueRequired":true,"valueName":"search_term_string"}}],"inLanguage":"en-US"}]}},"_links":{"self":[{"href":"https:\/\/www.lpcpnotaires.ca\/en\/wp-json\/wp\/v2\/pages\/3259","targetHints":{"allow":["GET"]}}],"collection":[{"href":"https:\/\/www.lpcpnotaires.ca\/en\/wp-json\/wp\/v2\/pages"}],"about":[{"href":"https:\/\/www.lpcpnotaires.ca\/en\/wp-json\/wp\/v2\/types\/page"}],"author":[{"embeddable":true,"href":"https:\/\/www.lpcpnotaires.ca\/en\/wp-json\/wp\/v2\/users\/1"}],"replies":[{"embeddable":true,"href":"https:\/\/www.lpcpnotaires.ca\/en\/wp-json\/wp\/v2\/comments?post=3259"}],"version-history":[{"count":6,"href":"https:\/\/www.lpcpnotaires.ca\/en\/wp-json\/wp\/v2\/pages\/3259\/revisions"}],"predecessor-version":[{"id":3260,"href":"https:\/\/www.lpcpnotaires.ca\/en\/wp-json\/wp\/v2\/pages\/3259\/revisions\/3260"}],"up":[{"embeddable":true,"href":"https:\/\/www.lpcpnotaires.ca\/en\/wp-json\/wp\/v2\/pages\/3251"}],"wp:attachment":[{"href":"https:\/\/www.lpcpnotaires.ca\/en\/wp-json\/wp\/v2\/media?parent=3259"}],"curies":[{"name":"wp","href":"https:\/\/api.w.org\/{rel}","templated":true}]}}