{"id":3256,"date":"2019-03-14T10:15:44","date_gmt":"2019-03-14T14:15:44","guid":{"rendered":"https:\/\/dev.lpcpnotaires.ca\/services-notaires\/famille-couple-droit-laurentides\/"},"modified":"2019-03-27T15:59:47","modified_gmt":"2019-03-27T19:59:47","slug":"divorce-notaries-laurentians","status":"publish","type":"page","link":"https:\/\/www.lpcpnotaires.ca\/en\/services-notaries\/divorce-notaries-laurentians\/","title":{"rendered":"People &#038; Family"},"content":{"rendered":"<div class=\"wpb-content-wrapper\"><p>[vc_row content_width=&#8221;grid&#8221; triangle_shape=&#8221;no&#8221; css=&#8221;.vc_custom_1553007135855{padding-top: 70px !important;}&#8221;][vc_column offset=&#8221;vc_col-lg-9 vc_col-md-12&#8243;][vc_column_text]<\/p>\n<h2>People &amp; Family Services<\/h2>\n<p>[\/vc_column_text]<div class=\"mkd-separator-holder clearfix  mkd-separator-left\" style=\"margin-top: 15px; margin-bottom: 32px; height: 3px\">\r\n\t<div class=\"mkd-separator\" style=\"border-color: #be1e2d;border-style: solid;width: 40px;border-bottom-width: 3px\"><\/div>\r\n<\/div>\r\n[vc_row_inner][vc_column_inner width=&#8221;2\/3&#8243;][vc_column_text]<span class=\"TextRun SCXW48141788 BCX0\" lang=\"FR-CA\" xml:lang=\"FR-CA\" data-contrast=\"auto\"><span class=\"NormalTextRun SCXW48141788 BCX0\">Have you had your Last Will and Protection Mandate prepared yet? If not, in case of death, the Law will prevail and will determine your heirs\u2026 If a sickness or an accident should happen and deprive you of your physical and\/or mental abilities, the Court will determine the person who will be your representative\u2026<\/span><\/span>[\/vc_column_text][vc_empty_space][vc_column_text]<span class=\"TextRun SCXW48141788 BCX0\" lang=\"FR-CA\" xml:lang=\"FR-CA\" data-contrast=\"auto\"><span class=\"NormalTextRun SCXW48141788 BCX0\">Our human and warm approach will certainly meet your needs in terms of People and Family Law.<\/span><\/span>[\/vc_column_text][vc_empty_space][vc_column_text]<\/p>\n<h3><strong><span class=\"TextRun SCXW48141788 BCX0\" lang=\"FR-CA\" xml:lang=\"FR-CA\" data-contrast=\"auto\"><span class=\"NormalTextRun SCXW48141788 BCX0\">Consult us!<\/span><\/span><\/strong><\/h3>\n<p>[\/vc_column_text][\/vc_column_inner][vc_column_inner width=&#8221;1\/3&#8243;][vc_single_image image=&#8221;3291&#8243; img_size=&#8221;large&#8221; el_class=&#8221;style-image&#8221;][\/vc_column_inner][\/vc_row_inner][vc_empty_space][vc_column_text css=&#8221;.vc_custom_1553716641467{border-top-width: 1px !important;padding-top: 50px !important;border-top-color: #dddddd !important;border-top-style: solid !important;}&#8221;]<\/p>\n<h2><strong>We can also complete the following mandates\u202f:<\/strong><\/h2>\n<p>[\/vc_column_text]<div class=\"mkd-separator-holder clearfix  mkd-separator-left\" style=\"margin-top: 15px; margin-bottom: 32px; height: 3px\">\r\n\t<div class=\"mkd-separator\" style=\"border-color: #be1e2d;border-style: solid;width: 40px;border-bottom-width: 3px\"><\/div>\r\n<\/div>\r\n[vc_row_inner][vc_column_inner width=&#8221;1\/2&#8243;]<div class=\"mkd-unordered-list  mkd-arrow\" ><ul>\n<li>Last Will;<\/li>\n<li>Protection Mandate (incapacity);<\/li>\n<li>Anticipated medical directives;<\/li>\n<li>Power of Attorney;<\/li>\n<li>Celebration of\u202fmarriage\u202for civil union;<\/li>\n<\/ul>\n<\/div>[\/vc_column_inner][vc_column_inner width=&#8221;1\/2&#8243;]<div class=\"mkd-unordered-list  mkd-arrow\" ><ul>\n<li>Homologation of a protection mandate;<\/li>\n<li>Curatorship\/Guardianship;<\/li>\n<li>Agreement between spouses;<\/li>\n<li>Separation agreement.<\/li>\n<\/ul>\n<\/div>[\/vc_column_inner][\/vc_row_inner][vc_empty_space height=&#8221;70px&#8221;]<div class=\"mkd-accordion-holder clearfix mkd-accordion mkd-initial \">\r\n\t<h2 class=\"clearfix mkd-title-holder\">\r\n\t<span class=\"mkd-accordion-mark mkd-left-mark\">\r\n\t\t<span class=\"mkd-accordion-mark-icon\">\r\n\t\t\t<i class=\"icon-arrow-down-circle\"><\/i>\r\n\t\t<\/span>\r\n\t<\/span>\r\n\t<span class=\"mkd-tab-title\" >\r\n\t\t<span class=\"mkd-tab-title-inner\">\r\n\t\t\tMarriage\t\t<\/span>\r\n\t<\/span>\r\n<\/h2><div class=\"mkd-accordion-content\">\r\n\t<div class=\"mkd-accordion-content-inner\" >\r\n\t\t[vc_column_text]Marriage is one of the most important step of one\u2019s life, and is not just a celebration sealing the love between two individuals, but something which will change the legal status of each spouse. Before the celebration, it is important to consult your Notary to find out about all legal consequences to getting married and obtain all necessary explanations related to the impacts of a marriage according to the Civil Code of Quebec. This will also allow the future spouses to make an informed choice as for the matrimonial regime they will choose.[\/vc_column_text][vc_empty_space][vc_column_text]Did you know that your Notary can, not only explain all legal consequences of your commitment, but also celebrate your marriage? The quite unique unfolding of the celebration itself can be adapted to your needs and wishes![\/vc_column_text]\t<\/div>\r\n<\/div>\r\n<h2 class=\"clearfix mkd-title-holder\">\r\n\t<span class=\"mkd-accordion-mark mkd-left-mark\">\r\n\t\t<span class=\"mkd-accordion-mark-icon\">\r\n\t\t\t<i class=\"icon-arrow-down-circle\"><\/i>\r\n\t\t<\/span>\r\n\t<\/span>\r\n\t<span class=\"mkd-tab-title\" >\r\n\t\t<span class=\"mkd-tab-title-inner\">\r\n\t\t\tNon-Contentious Procedures\t\t<\/span>\r\n\t<\/span>\r\n<\/h2><div class=\"mkd-accordion-content\">\r\n\t<div class=\"mkd-accordion-content-inner\" >\r\n\t\t[vc_column_text]Non contentious procedures consist of legal procedures under which the requests that are formulated cannot be contested by the parties. The latter are not in conflict with each other and require the Court to confirm the conclusions sought. Some of these procedures can be done before a Notary, are more user friendly and their treatment is thus accelerated. The Notary is a senior legal advisor in all types of noncontentious procedures. Among them, the most common ones are\u202f:[\/vc_column_text][vc_empty_space]<div class=\"mkd-unordered-list  mkd-arrow\" ><ul>\n<li>Homologation of a mandate (incapacity)<\/li>\n<li>Opening\u202fof a protection\u202fregime\u202f(incapacity)<\/li>\n<li>Replacement of a\u202fcurator\u202for\u202ftutor\u202f(incapacity)<\/li>\n<li>Nomination of\u202fa\u202fliquidator\u202f(succession)<\/li>\n<li>Verification\u202fof last\u202fwill\u202f(succession)<\/li>\n<li>Judicial\u202facquisition of a right of\u202fownership\u202f(real\u202festate)<\/li>\n<li>Joint application for divorce (family)<\/li>\n<\/ul>\n<\/div>\t<\/div>\r\n<\/div>\r\n<\/div>[vc_empty_space height=&#8221;70px&#8221;][\/vc_column][vc_column width=&#8221;1\/2&#8243; offset=&#8221;vc_col-lg-offset-0 vc_col-lg-3 vc_col-md-offset-3 vc_col-md-6 vc_col-sm-offset-3&#8243;][vc_widget_sidebar sidebar_id=&#8221;page-sidebar&#8221;][vc_empty_space height=&#8221;70px&#8221;][\/vc_column][\/vc_row][vc_row content_width=&#8221;grid&#8221; content_aligment=&#8221;center&#8221; triangle_shape=&#8221;no&#8221; css=&#8221;.vc_custom_1553007184617{border-top-width: 3px !important;background-color: #f2f2f2 !important;border-top-color: #be1e2d !important;border-top-style: solid !important;}&#8221;][vc_column]\r\n\r\n\t<div class=\"mkd-call-to-action normal\" style=\"background-color: #f2f2f2\">\r\n\r\n\t\t\t\t<div class=\"mkd-container-inner\">\r\n\t\t\t\t\t<div class=\"mkd-call-to-action-row-66-33 clearfix\" style=\"padding: 45px 0% 45px 16%;\">\r\n\t\t\r\n\t\t\t\t<div class=\"mkd-text-wrapper mkd-call-to-action-column1 mkd-call-to-action-cell\">\r\n\r\n\t\t\t\t\r\n\t\t\t\t\t<div class=\"mkd-call-to-action-text\" >\r\n\t\t\t\t\t\t<h3>To have peace of mind, consult your Notary! You can definitely count on us!<\/h3>\n\t\t\t\t\t<\/div>\r\n\r\n\t\t\t\t<\/div>\r\n\r\n\t\t\t\t\r\n\t\t\t\t\t<div class=\"mkd-button-wrapper mkd-call-to-action-column2 mkd-call-to-action-cell\" style =\"text-align: left ;\">\r\n\r\n\t\t\t\t\t\t<a href=\"\/en\/contact-notaries-laurantians\/\" target=\"_self\"  class=\"mkd-btn mkd-btn-medium mkd-btn-solid mkd-btn-icon\"  >    <span class=\"mkd-btn-text\"  >Contact us<\/span><span class=\"mkd-btn-icon-holder\">            <span aria-hidden=\"true\" class=\"mkd-icon-font-elegant arrow_carrot-right mkd-btn-icon-elem\" ><\/span>            <span aria-hidden=\"true\" class=\"mkd-icon-font-elegant arrow_carrot-right mkd-btn-icon-elem\" ><\/span>        <\/span>    <\/a>\r\n\t\t\t\t\t<\/div>\r\n\r\n\t\t\t\t\r\n\t\t\t<\/div>\r\n\r\n\t\t\t\t<\/div>\r\n\t\t\r\n\t<\/div>\r\n\r\n[\/vc_column][\/vc_row]<\/p>\n<\/div>","protected":false},"excerpt":{"rendered":"<p>[vc_row content_width=&#8221;grid&#8221; triangle_shape=&#8221;no&#8221; css=&#8221;.vc_custom_1553007135855{padding-top: 70px !important;}&#8221;][vc_column offset=&#8221;vc_col-lg-9 vc_col-md-12&#8243;][vc_column_text] People &amp; Family Services [\/vc_column_text][vc_row_inner][vc_column_inner width=&#8221;2\/3&#8243;][vc_column_text]Have you had your Last Will and Protection Mandate prepared yet? If not, in case of death, the Law will prevail and will determine your heirs\u2026 If a sickness or an accident should happen and deprive you of your physical and\/or mental abilities, the Court will determine the person who will be your representative\u2026[\/vc_column_text][vc_empty_space][vc_column_text]Our human and warm approach will certainly meet your needs in terms of People and Family Law.[\/vc_column_text][vc_empty_space][vc_column_text] Consult us! [\/vc_column_text][\/vc_column_inner][vc_column_inner width=&#8221;1\/3&#8243;][vc_single_image image=&#8221;3291&#8243; img_size=&#8221;large&#8221; el_class=&#8221;style-image&#8221;][\/vc_column_inner][\/vc_row_inner][vc_empty_space][vc_column_text css=&#8221;.vc_custom_1553716641467{border-top-width: 1px !important;padding-top: 50px !important;border-top-color: #dddddd !important;border-top-style: solid !important;}&#8221;] We&#8230;<\/p>\n","protected":false},"author":1,"featured_media":0,"parent":3251,"menu_order":0,"comment_status":"closed","ping_status":"closed","template":"full-width.php","meta":{"footnotes":""},"class_list":["post-3256","page","type-page","status-publish","hentry"],"yoast_head":"<!-- This site is optimized with the Yoast SEO plugin v26.4 - https:\/\/yoast.com\/wordpress\/plugins\/seo\/ -->\n<title>Divorce, Protection Mandate, Family laws- Notaries in the Laurentians, Quebec<\/title>\n<meta name=\"description\" content=\"Our\u202fhuman\u202fapproach\u202fwill\u202fcertainly\u202fmeet\u202fyour\u202fneeds\u202fin\u202fterms\u202fof People and Family Law,\u202fnamely\u202f:\u202f Last Will, Protection Mandate (incapacity)\u2026\" \/>\n<meta name=\"robots\" content=\"index, follow, max-snippet:-1, max-image-preview:large, max-video-preview:-1\" \/>\n<link rel=\"canonical\" href=\"https:\/\/www.lpcpnotaires.ca\/en\/services-notaries\/divorce-notaries-laurentians\/\" \/>\n<meta property=\"og:locale\" content=\"en_US\" \/>\n<meta property=\"og:type\" content=\"article\" \/>\n<meta property=\"og:title\" content=\"Divorce, Protection Mandate, Family laws- Notaries in the Laurentians, Quebec\" \/>\n<meta property=\"og:description\" content=\"Our\u202fhuman\u202fapproach\u202fwill\u202fcertainly\u202fmeet\u202fyour\u202fneeds\u202fin\u202fterms\u202fof People and Family Law,\u202fnamely\u202f:\u202f Last Will, Protection Mandate (incapacity)\u2026\" \/>\n<meta property=\"og:url\" content=\"https:\/\/www.lpcpnotaires.ca\/en\/services-notaries\/divorce-notaries-laurentians\/\" \/>\n<meta property=\"og:site_name\" content=\"L\u00e9onard Pag\u00e9 Chalifoux Pich\u00e9\" \/>\n<meta property=\"article:modified_time\" content=\"2019-03-27T19:59:47+00:00\" \/>\n<meta name=\"twitter:card\" content=\"summary_large_image\" \/>\n<meta name=\"twitter:label1\" content=\"Est. reading time\" \/>\n\t<meta name=\"twitter:data1\" content=\"4 minutes\" \/>\n<script type=\"application\/ld+json\" class=\"yoast-schema-graph\">{\"@context\":\"https:\/\/schema.org\",\"@graph\":[{\"@type\":\"WebPage\",\"@id\":\"https:\/\/www.lpcpnotaires.ca\/en\/services-notaries\/divorce-notaries-laurentians\/\",\"url\":\"https:\/\/www.lpcpnotaires.ca\/en\/services-notaries\/divorce-notaries-laurentians\/\",\"name\":\"Divorce, Protection Mandate, Family laws- Notaries in the Laurentians, Quebec\",\"isPartOf\":{\"@id\":\"https:\/\/www.lpcpnotaires.ca\/#website\"},\"datePublished\":\"2019-03-14T14:15:44+00:00\",\"dateModified\":\"2019-03-27T19:59:47+00:00\",\"description\":\"Our\u202fhuman\u202fapproach\u202fwill\u202fcertainly\u202fmeet\u202fyour\u202fneeds\u202fin\u202fterms\u202fof People and Family Law,\u202fnamely\u202f:\u202f Last Will, Protection Mandate (incapacity)\u2026\",\"breadcrumb\":{\"@id\":\"https:\/\/www.lpcpnotaires.ca\/en\/services-notaries\/divorce-notaries-laurentians\/#breadcrumb\"},\"inLanguage\":\"en-US\",\"potentialAction\":[{\"@type\":\"ReadAction\",\"target\":[\"https:\/\/www.lpcpnotaires.ca\/en\/services-notaries\/divorce-notaries-laurentians\/\"]}]},{\"@type\":\"BreadcrumbList\",\"@id\":\"https:\/\/www.lpcpnotaires.ca\/en\/services-notaries\/divorce-notaries-laurentians\/#breadcrumb\",\"itemListElement\":[{\"@type\":\"ListItem\",\"position\":1,\"name\":\"Accueil\",\"item\":\"https:\/\/www.lpcpnotaires.ca\/en\/\"},{\"@type\":\"ListItem\",\"position\":2,\"name\":\"Services\",\"item\":\"https:\/\/www.lpcpnotaires.ca\/en\/services-notaries\/\"},{\"@type\":\"ListItem\",\"position\":3,\"name\":\"People &#038; Family\"}]},{\"@type\":\"WebSite\",\"@id\":\"https:\/\/www.lpcpnotaires.ca\/#website\",\"url\":\"https:\/\/www.lpcpnotaires.ca\/\",\"name\":\"L\u00e9onard Pag\u00e9 Chalifoux Pich\u00e9\",\"description\":\"Notaires &amp; Conseillers Juridiques\",\"potentialAction\":[{\"@type\":\"SearchAction\",\"target\":{\"@type\":\"EntryPoint\",\"urlTemplate\":\"https:\/\/www.lpcpnotaires.ca\/?s={search_term_string}\"},\"query-input\":{\"@type\":\"PropertyValueSpecification\",\"valueRequired\":true,\"valueName\":\"search_term_string\"}}],\"inLanguage\":\"en-US\"}]}<\/script>\n<!-- \/ Yoast SEO plugin. -->","yoast_head_json":{"title":"Divorce, Protection Mandate, Family laws- Notaries in the Laurentians, Quebec","description":"Our\u202fhuman\u202fapproach\u202fwill\u202fcertainly\u202fmeet\u202fyour\u202fneeds\u202fin\u202fterms\u202fof People and Family Law,\u202fnamely\u202f:\u202f Last Will, Protection Mandate (incapacity)\u2026","robots":{"index":"index","follow":"follow","max-snippet":"max-snippet:-1","max-image-preview":"max-image-preview:large","max-video-preview":"max-video-preview:-1"},"canonical":"https:\/\/www.lpcpnotaires.ca\/en\/services-notaries\/divorce-notaries-laurentians\/","og_locale":"en_US","og_type":"article","og_title":"Divorce, Protection Mandate, Family laws- Notaries in the Laurentians, Quebec","og_description":"Our\u202fhuman\u202fapproach\u202fwill\u202fcertainly\u202fmeet\u202fyour\u202fneeds\u202fin\u202fterms\u202fof People and Family Law,\u202fnamely\u202f:\u202f Last Will, Protection Mandate (incapacity)\u2026","og_url":"https:\/\/www.lpcpnotaires.ca\/en\/services-notaries\/divorce-notaries-laurentians\/","og_site_name":"L\u00e9onard Pag\u00e9 Chalifoux Pich\u00e9","article_modified_time":"2019-03-27T19:59:47+00:00","twitter_card":"summary_large_image","twitter_misc":{"Est. reading time":"4 minutes"},"schema":{"@context":"https:\/\/schema.org","@graph":[{"@type":"WebPage","@id":"https:\/\/www.lpcpnotaires.ca\/en\/services-notaries\/divorce-notaries-laurentians\/","url":"https:\/\/www.lpcpnotaires.ca\/en\/services-notaries\/divorce-notaries-laurentians\/","name":"Divorce, Protection Mandate, Family laws- Notaries in the Laurentians, Quebec","isPartOf":{"@id":"https:\/\/www.lpcpnotaires.ca\/#website"},"datePublished":"2019-03-14T14:15:44+00:00","dateModified":"2019-03-27T19:59:47+00:00","description":"Our\u202fhuman\u202fapproach\u202fwill\u202fcertainly\u202fmeet\u202fyour\u202fneeds\u202fin\u202fterms\u202fof People and Family Law,\u202fnamely\u202f:\u202f Last Will, Protection Mandate (incapacity)\u2026","breadcrumb":{"@id":"https:\/\/www.lpcpnotaires.ca\/en\/services-notaries\/divorce-notaries-laurentians\/#breadcrumb"},"inLanguage":"en-US","potentialAction":[{"@type":"ReadAction","target":["https:\/\/www.lpcpnotaires.ca\/en\/services-notaries\/divorce-notaries-laurentians\/"]}]},{"@type":"BreadcrumbList","@id":"https:\/\/www.lpcpnotaires.ca\/en\/services-notaries\/divorce-notaries-laurentians\/#breadcrumb","itemListElement":[{"@type":"ListItem","position":1,"name":"Accueil","item":"https:\/\/www.lpcpnotaires.ca\/en\/"},{"@type":"ListItem","position":2,"name":"Services","item":"https:\/\/www.lpcpnotaires.ca\/en\/services-notaries\/"},{"@type":"ListItem","position":3,"name":"People &#038; Family"}]},{"@type":"WebSite","@id":"https:\/\/www.lpcpnotaires.ca\/#website","url":"https:\/\/www.lpcpnotaires.ca\/","name":"L\u00e9onard Pag\u00e9 Chalifoux Pich\u00e9","description":"Notaires &amp; Conseillers Juridiques","potentialAction":[{"@type":"SearchAction","target":{"@type":"EntryPoint","urlTemplate":"https:\/\/www.lpcpnotaires.ca\/?s={search_term_string}"},"query-input":{"@type":"PropertyValueSpecification","valueRequired":true,"valueName":"search_term_string"}}],"inLanguage":"en-US"}]}},"_links":{"self":[{"href":"https:\/\/www.lpcpnotaires.ca\/en\/wp-json\/wp\/v2\/pages\/3256","targetHints":{"allow":["GET"]}}],"collection":[{"href":"https:\/\/www.lpcpnotaires.ca\/en\/wp-json\/wp\/v2\/pages"}],"about":[{"href":"https:\/\/www.lpcpnotaires.ca\/en\/wp-json\/wp\/v2\/types\/page"}],"author":[{"embeddable":true,"href":"https:\/\/www.lpcpnotaires.ca\/en\/wp-json\/wp\/v2\/users\/1"}],"replies":[{"embeddable":true,"href":"https:\/\/www.lpcpnotaires.ca\/en\/wp-json\/wp\/v2\/comments?post=3256"}],"version-history":[{"count":6,"href":"https:\/\/www.lpcpnotaires.ca\/en\/wp-json\/wp\/v2\/pages\/3256\/revisions"}],"predecessor-version":[{"id":3345,"href":"https:\/\/www.lpcpnotaires.ca\/en\/wp-json\/wp\/v2\/pages\/3256\/revisions\/3345"}],"up":[{"embeddable":true,"href":"https:\/\/www.lpcpnotaires.ca\/en\/wp-json\/wp\/v2\/pages\/3251"}],"wp:attachment":[{"href":"https:\/\/www.lpcpnotaires.ca\/en\/wp-json\/wp\/v2\/media?parent=3256"}],"curies":[{"name":"wp","href":"https:\/\/api.w.org\/{rel}","templated":true}]}}