{"id":3249,"date":"2019-03-14T10:13:26","date_gmt":"2019-03-14T14:13:26","guid":{"rendered":"https:\/\/dev.lpcpnotaires.ca\/contact-notaires-laurentides\/"},"modified":"2025-11-24T17:07:34","modified_gmt":"2025-11-24T22:07:34","slug":"contact-notaries-laurantians","status":"publish","type":"page","link":"https:\/\/www.lpcpnotaires.ca\/en\/contact-notaries-laurantians\/","title":{"rendered":"Contact us"},"content":{"rendered":"<div class=\"wpb-content-wrapper\"><p>[vc_row content_aligment=&#8221;center&#8221; triangle_shape=&#8221;no&#8221; css=&#8221;.vc_custom_1552607452881{margin-top: 0px !important;margin-right: 0px !important;margin-bottom: 0px !important;margin-left: 0px !important;padding-top: 0px !important;padding-right: 0px !important;padding-bottom: 0px !important;padding-left: 0px !important;}&#8221; el_class=&#8221;carte&#8221;][vc_column][vc_column_text]<iframe loading=\"lazy\" src=\"https:\/\/www.google.com\/maps\/embed?pb=!1m18!1m12!1m3!1d2769.0687109837954!2d-74.29031268459906!3d46.04972770220299!2m3!1f0!2f0!3f0!3m2!1i1024!2i768!4f13.1!3m3!1m2!1s0x4ccf6acb994bb6d3%3A0x518f54b19c3aaa46!2sL%C3%A9onard+Pag%C3%A9+Chalifoux+Pich%C3%A9+Notaires!5e0!3m2!1sen!2sca!4v1552607129474\" width=\"100%\" height=\"400\" frameborder=\"0\" allowfullscreen=\"allowfullscreen\"><\/iframe>[\/vc_column_text][\/vc_column][\/vc_row][vc_row content_width=&#8221;grid&#8221; triangle_shape=&#8221;no&#8221; css=&#8221;.vc_custom_1553530307852{padding-top: 58px !important;padding-bottom: 23px !important;}&#8221; el_class=&#8221;page-contact&#8221;][vc_column offset=&#8221;vc_col-lg-4 vc_col-md-4&#8243;][vc_single_image image=&#8221;3137&#8243; img_size=&#8221;full&#8221; el_class=&#8221;img-shadow&#8221;][vc_empty_space height=&#8221;20px&#8221;][\/vc_column][vc_column offset=&#8221;vc_col-lg-4 vc_col-md-4&#8243;][vc_column_text el_class=&#8221;titre-joindre&#8221;]<\/p>\n<h1>Our notaries office<\/h1>\n<p>[\/vc_column_text]<div class=\"mkd-separator-holder clearfix  mkd-separator-center mkd-separator-full-width\" style=\"margin-top: -9px; margin-bottom: 0px; height: 0px\">\r\n\t<div class=\"mkd-separator\" style=\"border-color: rgba(255,255,255,0.01);border-bottom-width: 0px\"><\/div>\r\n<\/div>\r\n[vc_column_text]<\/p>\n<h5>in the Laurentians<\/h5>\n<p>[\/vc_column_text][vc_empty_space height=&#8221;20px&#8221;][vc_column_text]<\/p>\n<div class=\"wpb_text_column wpb_content_element \">\n<div class=\"wpb_wrapper\">\n<p><strong>LPCP Notaries<\/strong><\/p>\n<p><span data-contrast=\"auto\">109, rue Saint-Vincent<br \/>\n<\/span><span data-contrast=\"auto\">Sainte-Agathe-des-Monts<br \/>\n<\/span><span data-contrast=\"auto\">QC, J8C 2A8<\/span><span data-ccp-props=\"{&quot;201341983&quot;:0,&quot;335559739&quot;:0,&quot;335559740&quot;:240}\">\u00a0<\/span><\/p>\n<\/div>\n<\/div>\n<p>[\/vc_column_text][vc_empty_space height=&#8221;22px&#8221;][vc_column_text]Toll free :\u00a0<a href=\"tel:18663266320\">1-866-326-6320<\/a>[\/vc_column_text][vc_column_text]Fax : 819-326-9656[\/vc_column_text][vc_column_text]Email : <a href=\"mailto:info@lpcpnotaires.ca\">info@lpcpnotaires.ca<\/a>[\/vc_column_text][vc_column_text el_class=&#8221;nous-joindre&#8221;][vc_empty_space height=&#8221;25px&#8221;] <div class=\"mkd-icon-list-item\">\r\n\t<div class=\"mkd-icon-list-icon-holder\">\r\n        <div class=\"mkd-icon-list-icon-holder-inner clearfix\" data-icon-size=25>\r\n\t\t\t<i class=\"mkd-icon-simple-line-icon icon-phone \" style=\"color:#be1e2d!important;font-size:25px\" ><\/i>\t\t<\/div>\r\n\t<\/div>\r\n\t<p class=\"mkd-icon-list-text\" style=\"color:#333333;font-size:27px\" data-title-size=27> 819 326.6321<\/p>\r\n<\/div> [vc_empty_space height=&#8221;25px&#8221;] <div class=\"mkd-icon-list-item\">\r\n\t<div class=\"mkd-icon-list-icon-holder\">\r\n        <div class=\"mkd-icon-list-icon-holder-inner clearfix\" data-icon-size=25>\r\n\t\t\t<i class=\"mkd-icon-simple-line-icon icon-clock \" style=\"color:#be1e2d!important;font-size:25px\" ><\/i>\t\t<\/div>\r\n\t<\/div>\r\n\t<p class=\"mkd-icon-list-text\" style=\"color:#333333;font-size:27px\" data-title-size=27> 8:30 am - 4:30 pm<\/p>\r\n<\/div>[vc_empty_space height=&#8221;2px&#8221;][\/vc_column_text][vc_column_text css=&#8221;&#8221; el_class=&#8221;heures&#8221;]Monday to Friday[\/vc_column_text][vc_empty_space height=&#8221;10px&#8221;][vc_column_text css=&#8221;.vc_custom_1764020512843{padding-right: 50px !important;}&#8221; el_class=&#8221;heures&#8221;]Starting January 2026, we will be closed from noon on Fridays.[\/vc_column_text][vc_empty_space height=&#8221;22px&#8221;][\/vc_column][vc_column offset=&#8221;vc_col-lg-4 vc_col-md-4&#8243;][vc_column_text]<\/p>\n<h2>Write to us<\/h2>\n<p>[\/vc_column_text]<div class=\"mkd-separator-holder clearfix  mkd-separator-center mkd-separator-full-width\" style=\"margin-top: -9px; margin-bottom: 0px; height: 0px\">\r\n\t<div class=\"mkd-separator\" style=\"border-color: rgba(255,255,255,0.01);border-bottom-width: 0px\"><\/div>\r\n<\/div>\r\n[vc_column_text]<\/p>\n<h5>Questions, comments&#8230;<\/h5>\n<p>[\/vc_column_text][vc_empty_space height=&#8221;14px&#8221;]\n<div class=\"wpcf7 no-js\" id=\"wpcf7-f3270-o1\" lang=\"en-US\" dir=\"ltr\" data-wpcf7-id=\"3270\">\n<div class=\"screen-reader-response\"><p role=\"status\" aria-live=\"polite\" aria-atomic=\"true\"><\/p> <ul><\/ul><\/div>\n<form action=\"\/en\/wp-json\/wp\/v2\/pages\/3249#wpcf7-f3270-o1\" method=\"post\" class=\"wpcf7-form init cf7_custom_style_1\" aria-label=\"Contact form\" novalidate=\"novalidate\" data-status=\"init\">\n<fieldset class=\"hidden-fields-container\"><input type=\"hidden\" name=\"_wpcf7\" value=\"3270\" \/><input type=\"hidden\" name=\"_wpcf7_version\" value=\"6.1.3\" \/><input type=\"hidden\" name=\"_wpcf7_locale\" value=\"en_US\" \/><input type=\"hidden\" name=\"_wpcf7_unit_tag\" value=\"wpcf7-f3270-o1\" \/><input type=\"hidden\" name=\"_wpcf7_container_post\" value=\"0\" \/><input type=\"hidden\" name=\"_wpcf7_posted_data_hash\" value=\"\" \/><input type=\"hidden\" name=\"_wpcf7_recaptcha_response\" value=\"\" \/>\n<\/fieldset>\n<p><span class=\"wpcf7-form-control-wrap\" data-name=\"nom\"><input size=\"40\" maxlength=\"400\" class=\"wpcf7-form-control wpcf7-text wpcf7-validates-as-required\" aria-required=\"true\" aria-invalid=\"false\" placeholder=\"Your name*\" value=\"\" type=\"text\" name=\"nom\" \/><\/span>\n<\/p>\n<p><span class=\"wpcf7-form-control-wrap\" data-name=\"email\"><input size=\"40\" maxlength=\"400\" class=\"wpcf7-form-control wpcf7-email wpcf7-validates-as-required wpcf7-text wpcf7-validates-as-email\" aria-required=\"true\" aria-invalid=\"false\" placeholder=\"Your email*\" value=\"\" type=\"email\" name=\"email\" \/><\/span>\n<\/p>\n<p><span class=\"wpcf7-form-control-wrap\" data-name=\"message\"><textarea cols=\"40\" rows=\"10\" maxlength=\"2000\" class=\"wpcf7-form-control wpcf7-textarea\" aria-invalid=\"false\" placeholder=\"Describe your situation\" name=\"message\"><\/textarea><\/span>\n<\/p>\n<p style=\"padding-left: 16px;\"><input class=\"wpcf7-form-control wpcf7-submit has-spinner\" type=\"submit\" value=\"Send\" \/>\n<\/p><div class=\"wpcf7-response-output\" aria-hidden=\"true\"><\/div>\n<\/form>\n<\/div>\n[vc_empty_space height=&#8221;50px&#8221;][vc_empty_space height=&#8221;25px&#8221;][\/vc_column][\/vc_row]<\/p>\n<\/div>","protected":false},"excerpt":{"rendered":"<p>[vc_row content_aligment=&#8221;center&#8221; triangle_shape=&#8221;no&#8221; css=&#8221;.vc_custom_1552607452881{margin-top: 0px !important;margin-right: 0px !important;margin-bottom: 0px !important;margin-left: 0px !important;padding-top: 0px !important;padding-right: 0px !important;padding-bottom: 0px !important;padding-left: 0px !important;}&#8221; el_class=&#8221;carte&#8221;][vc_column][vc_column_text][\/vc_column_text][\/vc_column][\/vc_row][vc_row content_width=&#8221;grid&#8221; triangle_shape=&#8221;no&#8221; css=&#8221;.vc_custom_1553530307852{padding-top: 58px !important;padding-bottom: 23px !important;}&#8221; el_class=&#8221;page-contact&#8221;][vc_column offset=&#8221;vc_col-lg-4 vc_col-md-4&#8243;][vc_single_image image=&#8221;3137&#8243; img_size=&#8221;full&#8221; el_class=&#8221;img-shadow&#8221;][vc_empty_space height=&#8221;20px&#8221;][\/vc_column][vc_column offset=&#8221;vc_col-lg-4 vc_col-md-4&#8243;][vc_column_text el_class=&#8221;titre-joindre&#8221;] Our notaries office [\/vc_column_text][vc_column_text] in the Laurentians [\/vc_column_text][vc_empty_space height=&#8221;20px&#8221;][vc_column_text] LPCP Notaries 109, rue Saint-Vincent Sainte-Agathe-des-Monts QC, J8C 2A8\u00a0 [\/vc_column_text][vc_empty_space height=&#8221;22px&#8221;][vc_column_text]Toll free :\u00a01-866-326-6320[\/vc_column_text][vc_column_text]Fax : 819-326-9656[\/vc_column_text][vc_column_text]Email : info@lpcpnotaires.ca[\/vc_column_text][vc_column_text el_class=&#8221;nous-joindre&#8221;][vc_empty_space height=&#8221;25px&#8221;] [vc_empty_space height=&#8221;25px&#8221;] [vc_empty_space height=&#8221;2px&#8221;][\/vc_column_text][vc_column_text css=&#8221;&#8221; el_class=&#8221;heures&#8221;]Monday to Friday[\/vc_column_text][vc_empty_space height=&#8221;10px&#8221;][vc_column_text css=&#8221;.vc_custom_1764020512843{padding-right: 50px !important;}&#8221; el_class=&#8221;heures&#8221;]Starting January 2026, we will be closed from noon on Fridays.[\/vc_column_text][vc_empty_space height=&#8221;22px&#8221;][\/vc_column][vc_column offset=&#8221;vc_col-lg-4 vc_col-md-4&#8243;][vc_column_text] Write to us [\/vc_column_text][vc_column_text] Questions, comments&#8230; [\/vc_column_text][vc_empty_space height=&#8221;14px&#8221;][vc_empty_space&#8230;<\/p>\n","protected":false},"author":1,"featured_media":0,"parent":0,"menu_order":0,"comment_status":"closed","ping_status":"closed","template":"full-width.php","meta":{"footnotes":""},"class_list":["post-3249","page","type-page","status-publish","hentry"],"yoast_head":"<!-- This site is optimized with the Yoast SEO plugin v26.4 - https:\/\/yoast.com\/wordpress\/plugins\/seo\/ -->\n<title>Contact us\u00a0- Notaries in the Laurentians, Quebec<\/title>\n<meta name=\"description\" content=\"Notarized\u202fWill, Real estate laws, Divorce. Notaries in the Laurentians, Quebec.\" \/>\n<meta name=\"robots\" content=\"index, follow, max-snippet:-1, max-image-preview:large, max-video-preview:-1\" \/>\n<link rel=\"canonical\" href=\"https:\/\/www.lpcpnotaires.ca\/en\/contact-notaries-laurantians\/\" \/>\n<meta property=\"og:locale\" content=\"en_US\" \/>\n<meta property=\"og:type\" content=\"article\" \/>\n<meta property=\"og:title\" content=\"Contact us\u00a0- Notaries in the Laurentians, Quebec\" \/>\n<meta property=\"og:description\" content=\"Notarized\u202fWill, Real estate laws, Divorce. Notaries in the Laurentians, Quebec.\" \/>\n<meta property=\"og:url\" content=\"https:\/\/www.lpcpnotaires.ca\/en\/contact-notaries-laurantians\/\" \/>\n<meta property=\"og:site_name\" content=\"L\u00e9onard Pag\u00e9 Chalifoux Pich\u00e9\" \/>\n<meta property=\"article:modified_time\" content=\"2025-11-24T22:07:34+00:00\" \/>\n<meta name=\"twitter:card\" content=\"summary_large_image\" \/>\n<meta name=\"twitter:label1\" content=\"Est. reading time\" \/>\n\t<meta name=\"twitter:data1\" content=\"1 minute\" \/>\n<script type=\"application\/ld+json\" class=\"yoast-schema-graph\">{\"@context\":\"https:\/\/schema.org\",\"@graph\":[{\"@type\":\"WebPage\",\"@id\":\"https:\/\/www.lpcpnotaires.ca\/en\/contact-notaries-laurantians\/\",\"url\":\"https:\/\/www.lpcpnotaires.ca\/en\/contact-notaries-laurantians\/\",\"name\":\"Contact us\u00a0- Notaries in the Laurentians, Quebec\",\"isPartOf\":{\"@id\":\"https:\/\/www.lpcpnotaires.ca\/#website\"},\"datePublished\":\"2019-03-14T14:13:26+00:00\",\"dateModified\":\"2025-11-24T22:07:34+00:00\",\"description\":\"Notarized\u202fWill, Real estate laws, Divorce. Notaries in the Laurentians, Quebec.\",\"breadcrumb\":{\"@id\":\"https:\/\/www.lpcpnotaires.ca\/en\/contact-notaries-laurantians\/#breadcrumb\"},\"inLanguage\":\"en-US\",\"potentialAction\":[{\"@type\":\"ReadAction\",\"target\":[\"https:\/\/www.lpcpnotaires.ca\/en\/contact-notaries-laurantians\/\"]}]},{\"@type\":\"BreadcrumbList\",\"@id\":\"https:\/\/www.lpcpnotaires.ca\/en\/contact-notaries-laurantians\/#breadcrumb\",\"itemListElement\":[{\"@type\":\"ListItem\",\"position\":1,\"name\":\"Accueil\",\"item\":\"https:\/\/www.lpcpnotaires.ca\/en\/\"},{\"@type\":\"ListItem\",\"position\":2,\"name\":\"Contact us\"}]},{\"@type\":\"WebSite\",\"@id\":\"https:\/\/www.lpcpnotaires.ca\/#website\",\"url\":\"https:\/\/www.lpcpnotaires.ca\/\",\"name\":\"L\u00e9onard Pag\u00e9 Chalifoux Pich\u00e9\",\"description\":\"Notaires &amp; Conseillers Juridiques\",\"potentialAction\":[{\"@type\":\"SearchAction\",\"target\":{\"@type\":\"EntryPoint\",\"urlTemplate\":\"https:\/\/www.lpcpnotaires.ca\/?s={search_term_string}\"},\"query-input\":{\"@type\":\"PropertyValueSpecification\",\"valueRequired\":true,\"valueName\":\"search_term_string\"}}],\"inLanguage\":\"en-US\"}]}<\/script>\n<!-- \/ Yoast SEO plugin. -->","yoast_head_json":{"title":"Contact us\u00a0- Notaries in the Laurentians, Quebec","description":"Notarized\u202fWill, Real estate laws, Divorce. Notaries in the Laurentians, Quebec.","robots":{"index":"index","follow":"follow","max-snippet":"max-snippet:-1","max-image-preview":"max-image-preview:large","max-video-preview":"max-video-preview:-1"},"canonical":"https:\/\/www.lpcpnotaires.ca\/en\/contact-notaries-laurantians\/","og_locale":"en_US","og_type":"article","og_title":"Contact us\u00a0- Notaries in the Laurentians, Quebec","og_description":"Notarized\u202fWill, Real estate laws, Divorce. Notaries in the Laurentians, Quebec.","og_url":"https:\/\/www.lpcpnotaires.ca\/en\/contact-notaries-laurantians\/","og_site_name":"L\u00e9onard Pag\u00e9 Chalifoux Pich\u00e9","article_modified_time":"2025-11-24T22:07:34+00:00","twitter_card":"summary_large_image","twitter_misc":{"Est. reading time":"1 minute"},"schema":{"@context":"https:\/\/schema.org","@graph":[{"@type":"WebPage","@id":"https:\/\/www.lpcpnotaires.ca\/en\/contact-notaries-laurantians\/","url":"https:\/\/www.lpcpnotaires.ca\/en\/contact-notaries-laurantians\/","name":"Contact us\u00a0- Notaries in the Laurentians, Quebec","isPartOf":{"@id":"https:\/\/www.lpcpnotaires.ca\/#website"},"datePublished":"2019-03-14T14:13:26+00:00","dateModified":"2025-11-24T22:07:34+00:00","description":"Notarized\u202fWill, Real estate laws, Divorce. Notaries in the Laurentians, Quebec.","breadcrumb":{"@id":"https:\/\/www.lpcpnotaires.ca\/en\/contact-notaries-laurantians\/#breadcrumb"},"inLanguage":"en-US","potentialAction":[{"@type":"ReadAction","target":["https:\/\/www.lpcpnotaires.ca\/en\/contact-notaries-laurantians\/"]}]},{"@type":"BreadcrumbList","@id":"https:\/\/www.lpcpnotaires.ca\/en\/contact-notaries-laurantians\/#breadcrumb","itemListElement":[{"@type":"ListItem","position":1,"name":"Accueil","item":"https:\/\/www.lpcpnotaires.ca\/en\/"},{"@type":"ListItem","position":2,"name":"Contact us"}]},{"@type":"WebSite","@id":"https:\/\/www.lpcpnotaires.ca\/#website","url":"https:\/\/www.lpcpnotaires.ca\/","name":"L\u00e9onard Pag\u00e9 Chalifoux Pich\u00e9","description":"Notaires &amp; Conseillers Juridiques","potentialAction":[{"@type":"SearchAction","target":{"@type":"EntryPoint","urlTemplate":"https:\/\/www.lpcpnotaires.ca\/?s={search_term_string}"},"query-input":{"@type":"PropertyValueSpecification","valueRequired":true,"valueName":"search_term_string"}}],"inLanguage":"en-US"}]}},"_links":{"self":[{"href":"https:\/\/www.lpcpnotaires.ca\/en\/wp-json\/wp\/v2\/pages\/3249","targetHints":{"allow":["GET"]}}],"collection":[{"href":"https:\/\/www.lpcpnotaires.ca\/en\/wp-json\/wp\/v2\/pages"}],"about":[{"href":"https:\/\/www.lpcpnotaires.ca\/en\/wp-json\/wp\/v2\/types\/page"}],"author":[{"embeddable":true,"href":"https:\/\/www.lpcpnotaires.ca\/en\/wp-json\/wp\/v2\/users\/1"}],"replies":[{"embeddable":true,"href":"https:\/\/www.lpcpnotaires.ca\/en\/wp-json\/wp\/v2\/comments?post=3249"}],"version-history":[{"count":10,"href":"https:\/\/www.lpcpnotaires.ca\/en\/wp-json\/wp\/v2\/pages\/3249\/revisions"}],"predecessor-version":[{"id":3544,"href":"https:\/\/www.lpcpnotaires.ca\/en\/wp-json\/wp\/v2\/pages\/3249\/revisions\/3544"}],"wp:attachment":[{"href":"https:\/\/www.lpcpnotaires.ca\/en\/wp-json\/wp\/v2\/media?parent=3249"}],"curies":[{"name":"wp","href":"https:\/\/api.w.org\/{rel}","templated":true}]}}